{"id":6,"date":"2014-03-18T21:22:45","date_gmt":"2014-03-18T19:22:45","guid":{"rendered":"http:\/\/www.xen-wp.cops-area.de\/?page_id=6"},"modified":"2023-10-16T15:39:41","modified_gmt":"2023-10-16T14:39:41","slug":"startseite-herzlich-willkommen","status":"publish","type":"page","link":"https:\/\/www.cops-area.de\/","title":{"rendered":"Danke und tsch\u00fcss Cops-Area"},"content":{"rendered":"<p><img decoding=\"async\" src=\"https:\/\/i.ytimg.com\/vi\/gxiiKa5ACBk\/hq720.jpg?sqp=-oaymwEhCK4FEIIDSFryq4qpAxMIARUAAAAAGAElAADIQj0AgKJD&amp;rs=AOn4CLBkKq_C9SDcuyqa-ieQafUPyfZeCg\" alt=\"Sag' beim Abschied leise \u00bbServus\u00ab (Performer: Bjarne E. Nielsen) - YouTube\" \/><\/p>\n<p>Nach nunmehr fast 18 Jahren schlie\u00dfen sich am 6. November 2023 die Tore von Cops-Area. Ich danke allen Mitgliedern f\u00fcr ihr Engagement und ihre Unterst\u00fctzung. Passt gut auf euch auf. Alles Gute.<\/p>\n<p>Euer &#8222;Black&#8220;<\/p>\n","protected":false},"excerpt":{"rendered":"<p>Nach nunmehr fast 18 Jahren schlie\u00dfen sich am 6. November 2023 die Tore von Cops-Area. Ich danke allen Mitgliedern f\u00fcr ihr Engagement und ihre Unterst\u00fctzung. Passt gut auf euch auf. Alles Gute. Euer &#8222;Black&#8220;<\/p>\n","protected":false},"author":2,"featured_media":0,"parent":0,"menu_order":0,"comment_status":"closed","ping_status":"closed","template":"page-templates\/full-width.php","meta":{"footnotes":""},"class_list":["post-6","page","type-page","status-publish","hentry"],"jetpack_sharing_enabled":true,"jetpack_shortlink":"https:\/\/wp.me\/P4vX90-6","_links":{"self":[{"href":"https:\/\/www.cops-area.de\/index.php?rest_route=\/wp\/v2\/pages\/6","targetHints":{"allow":["GET"]}}],"collection":[{"href":"https:\/\/www.cops-area.de\/index.php?rest_route=\/wp\/v2\/pages"}],"about":[{"href":"https:\/\/www.cops-area.de\/index.php?rest_route=\/wp\/v2\/types\/page"}],"author":[{"embeddable":true,"href":"https:\/\/www.cops-area.de\/index.php?rest_route=\/wp\/v2\/users\/2"}],"replies":[{"embeddable":true,"href":"https:\/\/www.cops-area.de\/index.php?rest_route=%2Fwp%2Fv2%2Fcomments&post=6"}],"version-history":[{"count":19,"href":"https:\/\/www.cops-area.de\/index.php?rest_route=\/wp\/v2\/pages\/6\/revisions"}],"predecessor-version":[{"id":240,"href":"https:\/\/www.cops-area.de\/index.php?rest_route=\/wp\/v2\/pages\/6\/revisions\/240"}],"wp:attachment":[{"href":"https:\/\/www.cops-area.de\/index.php?rest_route=%2Fwp%2Fv2%2Fmedia&parent=6"}],"curies":[{"name":"wp","href":"https:\/\/api.w.org\/{rel}","templated":true}]}}