{"id":143,"date":"2014-04-07T20:44:58","date_gmt":"2014-04-07T19:44:58","guid":{"rendered":"http:\/\/www.xen-wp.cops-area.de\/?page_id=143"},"modified":"2018-05-25T19:32:36","modified_gmt":"2018-05-25T18:32:36","slug":"disclaimer","status":"publish","type":"page","link":"https:\/\/www.cops-area.de\/?page_id=143","title":{"rendered":"Datenschutzerkl\u00e4rung"},"content":{"rendered":"<h3>(Datenschutzerkl\u00e4rung)<\/h3>\n<p>Der Schutz deiner pers\u00f6nlichen Daten ist uns ein besonderes Anliegen. Wir verarbeiten deine Daten daher ausschlie\u00dflich auf Grundlage der gesetzlichen Bestimmungen (DSGVO, TKG 2003). In diesen Datenschutzinformationen informieren wir dich \u00fcber die wichtigsten Aspekte der Datenverarbeitung im Rahmen unserer Website.<\/p>\n<h3>Kontakt mit uns<\/h3>\n<p>Wenn du per Formular auf der Website oder per E-Mail Kontakt mit uns aufnehmen m\u00f6chtet, werden deine angegebenen Daten zwecks Bearbeitung der Anfrage und f\u00fcr den Fall von Anschlussfragen l\u00e4ngstens sechs Monate bei uns gespeichert. Diese Daten geben wir nicht ohne deine Einwilligung weiter.<\/p>\n<h3>Cookies<\/h3>\n<p>Unsere Website verwendet so genannte Cookies. Dabei handelt es sich um kleine Textdateien, die mit Hilfe des Browsers auf deinem Endger\u00e4t abgelegt werden. Sie richten keinen Schaden an. Wir nutzen Cookies dazu, unser Angebot nutzerfreundlich zu gestalten. Einige Cookies bleiben auf deinem Endger\u00e4t gespeichert, bis du diese l\u00f6schst. Sie erm\u00f6glichen es uns, deinen Browser beim n\u00e4chsten Besuch wiederzuerkennen. Wenn du dies nicht w\u00fcnschst, so kannst du deinen Browser so einrichten, dass er dich \u00fcber das Setzen von Cookies informiert und du dies nur im Einzelfall erlaubst. Bei der Deaktivierung von Cookies kann die Funktionalit\u00e4t unserer Website eingeschr\u00e4nkt sein.<\/p>\n<h3>Speicherung personenbezogener Daten durch unsere Website<\/h3>\n<p>Unsere Website speichert zun\u00e4chst automatisch (also nicht \u00fcber eine Registrierung) allgemeine Informationen, die nicht personenbezogen verwendet werden. Die eingesetzten Webserver und Statistikprogramme speichern z. B. standardm\u00e4\u00dfig: \u2013 Browsertyp\/ -version \u2013 verwendetes Betriebssystem \u2013 die zuvor besuchte Seite (Refferer URL) \u2013 Hostname des zugreifenden Rechners (IP-Adresse) \u2013 Uhrzeit der Serveranfrage Die Informationen werden ausschlie\u00dflich zu Zwecken der technischen Adminstration unserer Website gespeichert. Eine Weitergabe an Dritte erfolgt nicht.<\/p>\n<h3>Speicherung personenbezogener Daten bei Registrierung<\/h3>\n<p>Solltest du die Registrierung durchf\u00fchren, speichern wir neben der zu dem Zeitpunkt verwendeten IP-Adresse deines benutzten Endger\u00e4tes auch personenbezogene Daten, wie deinen Namen, die E-Mailadresse und deine Telefonnummer. Du kannst weitere freiwillige Angaben zu deiner Person machen. Alle deine Angaben dienen der Nutzung der Foreninhalte und den Funktionalit\u00e4ten. Beitr\u00e4ge und auch selbst\u00e4ndig hochgeladene Fotos werden deinem Profil zugeordnet und sind in der Regel f\u00fcr die \u00a0anderen Mitgliedern sichtbar. Eine Weitergabe an Dritte, au\u00dfer wir sind nach gesetzlichen Vorgaben zur Herausgabe z. B. gegen\u00fcber Strafermittlungsbeh\u00f6rden verpflichtet, erfolgt nicht.<\/p>\n<h3>Web-Analyse<\/h3>\n<p>Diese Website nutzt gelegentlich Google Analytics, einen Webanalysedienst der Google Inc. (1600 Amphitheatre Parkway, Mountain View, CA 94043, USA; \u201eGoogle\u201c). Google Analytics verwendet hierzu Cookies, die eine Analyse deiner Benutzung unserer Website erm\u00f6glichen. Die durch den Cookie erzeugten Informationen \u00fcber deine Benutzung dieser Webseite werden an einen Server von Google in den USA \u00fcbertragen und gespeichert. Wir verwenden Google Analytics mit der Erweiterung \u201e_anonymizeIp()\u201c, so dass die an Google \u00fcbertragenen IP-Adressen dort nur gek\u00fcrzt weiterverarbeitet werden, um eine direkte Personenbeziehbarkeit auszuschlie\u00dfen. Google wird diese Informationen nutzen, um deinen Besuch der Webseite auszuwerten, um Reports \u00fcber die Webseitenaktivit\u00e4ten f\u00fcr unsere Website zusammenzustellen und um weitere mit der Webseiten-Nutzung und der Internetnutzung verbundene Dienstleistungen zu erbringen. Auch wird Google diese Informationen gegebenenfalls an Dritte \u00fcbertragen, sofern dies gesetzlich vorgeschrieben oder soweit Dritte diese Daten im Auftrag von Google verarbeiten. Google wird in keinem Fall deine IP-Adresse mit anderen Daten von Google in Verbindung bringen. Sie k\u00f6nnen die Installation auch des Cookies f\u00fcr Google Analytics durch eine Einstellung deiner Browser-Software verhindern; wir weisen dich darauf hin, dass du in diesem Fall gegebenenfalls nicht alle Funktionen unserer Website vollumf\u00e4nglich nutzen kannst. Der Datenerhebung und -speicherung f\u00fcr Google Analytics kann jederzeit mit Wirkung f\u00fcr die Zukunft durch ein Browser-Plugin von Google widersprochen (https:\/\/tools.google.com\/dlpage\/gaoptout?hl=de) werden. Weitere Hinweise zu Google Analytics finden du hier: (http:\/\/www.google.com\/intl\/de\/analytics\/learn\/privacy.html). Du kannst dar\u00fcber hinaus die Erfassung der durch das Cookie erzeugten und auf deiner Nutzung der Website bezogenen Daten (inkl. deiner IP-Adresse) sowie die Verarbeitung dieser Daten durch Google verhindern, indem du ein Browser-Add-on herunterladen und installieren kannst (<a href=\"https:\/\/tools.google.com\/dlpage\/gaoptout?hl=de\">https:\/\/tools.google.com\/dlpage\/gaoptout?hl=de<\/a>).<\/p>\n<p>&nbsp;<\/p>\n<h3>Google Maps<\/h3>\n<p>Wir verwenden Google Maps zur Darstellung von Karten. Die Einbindung setzt voraus, dass Google die IP-Adresse der Nutzer wahrnehmen kann. Die IP-Adresse ist erforderlich, um die Inhalte an den Browser des Nutzers senden zu k\u00f6nnen. Wir weisen darauf hin, dass Google eigene Datenschutz-Richtlinien hat, die von unseren unabh\u00e4ngig sind. Wir \u00fcbernehmen keine Verantwortung oder Haftung f\u00fcr diese Richtlinien und Verfahren. Bitte informiere dich vor der Nutzung unserer Webseite \u00fcber die\u00a0<a href=\"http:\/\/www.google.de\/intl\/de\/policies\/privacy\/\">Datenschutzbestimmungen von Google<\/a>.<\/p>\n<p><strong>\u00a0<\/strong><\/p>\n<h3>Sicherheit<\/h3>\n<p>Wir treffen alle gesetzlichen Vorkehrungen, um deine pers\u00f6nlichen Daten vor Verlust, Zerst\u00f6rung, Verf\u00e4lschung, Manipulation und unberechtigten Zugriff zu sch\u00fctzen. Jedoch solltest du bedenken, dass keine Internet\u00fcbertragung jemals 100%ig sicher oder fehlerfrei ist. Insbesondere E-Mails, die an oder von dieser Website geschickt werden, k\u00f6nnen unsicher sein.<\/p>\n<h3>Weiterf\u00fchrende Links<\/h3>\n<p>Diese Erkl\u00e4rung zum Datenschutz gilt nur f\u00fcr unsere Website und deren Unterseiten. Unsere Website kann Links auf andere Anbieter enthalten, auf die sich diese Erkl\u00e4rung nicht erstreckt. Wenn du unsere Website \u00fcber einen Link verl\u00e4sst, wird empfohlen, die Datenschutzrichtlinie jeder Website, die personenbezogene Daten sammelt, sorgf\u00e4ltig zu lesen.<\/p>\n<h3>Deine Rechte<\/h3>\n<p>Dir stehen grunds\u00e4tzlich die Rechte auf Auskunft, Berichtigung, L\u00f6schung, Einschr\u00e4nkung, Daten\u00fcbertragbarkeit, Widerruf und Widerspruch zu. Wenn du glaubst, dass die Verarbeitung deiner Daten gegen das Datenschutzrecht verst\u00f6\u00dft oder deine datenschutzrechtlichen Anspr\u00fcche sonst in einer Weise verletzt worden sind, kannst du dich bei der Aufsichtsbeh\u00f6rde beschweren. In \u00d6sterreich ist dies die Datenschutzbeh\u00f6rde. Du erreichst uns unter folgenden Kontaktdaten:<\/p>\n<p>Email: info(@)cops-area.de<\/p>\n<p>&nbsp;<\/p>\n","protected":false},"excerpt":{"rendered":"<p>(Datenschutzerkl\u00e4rung) Der Schutz deiner pers\u00f6nlichen Daten ist uns ein besonderes Anliegen. Wir verarbeiten deine Daten daher ausschlie\u00dflich auf Grundlage der gesetzlichen Bestimmungen (DSGVO, TKG 2003). In diesen Datenschutzinformationen informieren wir dich \u00fcber die wichtigsten Aspekte der Datenverarbeitung im Rahmen unserer Website. Kontakt mit uns Wenn du per Formular auf der Website oder per E-Mail Kontakt &hellip; <a href=\"https:\/\/www.cops-area.de\/?page_id=143\" class=\"more-link\"><span class=\"screen-reader-text\">Datenschutzerkl\u00e4rung<\/span> weiterlesen <span class=\"meta-nav\">&rarr;<\/span><\/a><\/p>\n","protected":false},"author":2,"featured_media":0,"parent":0,"menu_order":0,"comment_status":"closed","ping_status":"closed","template":"","meta":{"footnotes":""},"class_list":["post-143","page","type-page","status-publish","hentry"],"jetpack_sharing_enabled":false,"jetpack_shortlink":"https:\/\/wp.me\/P4vX90-2j","_links":{"self":[{"href":"https:\/\/www.cops-area.de\/index.php?rest_route=\/wp\/v2\/pages\/143","targetHints":{"allow":["GET"]}}],"collection":[{"href":"https:\/\/www.cops-area.de\/index.php?rest_route=\/wp\/v2\/pages"}],"about":[{"href":"https:\/\/www.cops-area.de\/index.php?rest_route=\/wp\/v2\/types\/page"}],"author":[{"embeddable":true,"href":"https:\/\/www.cops-area.de\/index.php?rest_route=\/wp\/v2\/users\/2"}],"replies":[{"embeddable":true,"href":"https:\/\/www.cops-area.de\/index.php?rest_route=%2Fwp%2Fv2%2Fcomments&post=143"}],"version-history":[{"count":3,"href":"https:\/\/www.cops-area.de\/index.php?rest_route=\/wp\/v2\/pages\/143\/revisions"}],"predecessor-version":[{"id":238,"href":"https:\/\/www.cops-area.de\/index.php?rest_route=\/wp\/v2\/pages\/143\/revisions\/238"}],"wp:attachment":[{"href":"https:\/\/www.cops-area.de\/index.php?rest_route=%2Fwp%2Fv2%2Fmedia&parent=143"}],"curies":[{"name":"wp","href":"https:\/\/api.w.org\/{rel}","templated":true}]}}